{"id":3829,"date":"2016-04-28T22:48:34","date_gmt":"2016-04-28T22:48:34","guid":{"rendered":"http:\/\/sd-5601218-h00007.ferozo.net\/en\/?page_id=3829"},"modified":"2016-04-29T16:22:09","modified_gmt":"2016-04-29T16:22:09","slug":"arreglos-y-direccion","status":"publish","type":"page","link":"https:\/\/polloraffo.com\/en\/arreglos-y-direccion\/","title":{"rendered":"Arreglos y Direcci\u00f3n"},"content":{"rendered":"\n<style type=\"text\/css\" data-created_by=\"avia_inline_auto\" id=\"style-css-av-av_section-352ab27ce1c85e264d22ef6b2e16e7fa\">\n.avia-section.av-av_section-352ab27ce1c85e264d22ef6b2e16e7fa .av-parallax .av-parallax-inner{\nbackground-repeat:no-repeat;\nbackground-image:url(https:\/\/polloraffo.com\/wp-content\/uploads\/2016\/04\/BG-BIO.jpg);\nbackground-position:50% 50%;\nbackground-attachment:scroll;\n}\n.avia-section.av-av_section-352ab27ce1c85e264d22ef6b2e16e7fa .av-section-color-overlay{\nopacity:0.4;\nbackground-color:#000000;\n}\n<\/style>\n<div id='av_section_1'  class='avia-section av-av_section-352ab27ce1c85e264d22ef6b2e16e7fa main_color avia-section-default avia-no-border-styling  avia-builder-el-0  el_before_av_section  avia-builder-el-first  avia-full-stretch av-parallax-section avia-bg-style-parallax av-section-color-overlay-active container_wrap fullsize'  data-section-bg-repeat='stretch'><div class='av-parallax' data-avia-parallax-ratio='0.3' ><div class='av-parallax-inner main_color avia-full-stretch'><\/div><\/div><div class=\"av-section-color-overlay-wrap\"><div class=\"av-section-color-overlay\"><\/div><a href='#next-section' title='' class='scroll-down-link ' aria-hidden='true' data-av_icon='\ue877' data-av_iconfont='entypo-fontello'><\/a><div class='container av-section-cont-open' ><main  role=\"main\" itemprop=\"mainContentOfPage\"  class='template-page content  av-content-full alpha units'><div class='post-entry post-entry-type-page post-entry-3829'><div class='entry-content-wrapper clearfix'>\n\n<style type=\"text\/css\" data-created_by=\"avia_inline_auto\" id=\"style-css-av-av_heading-fcd49b7f6cff72c7b1886be0d03a8701\">\n#top .av-special-heading.av-av_heading-fcd49b7f6cff72c7b1886be0d03a8701{\npadding-bottom:10px;\nfont-size:42px;\n}\nbody .av-special-heading.av-av_heading-fcd49b7f6cff72c7b1886be0d03a8701 .av-special-heading-tag .heading-char{\nfont-size:25px;\n}\n#top #wrap_all .av-special-heading.av-av_heading-fcd49b7f6cff72c7b1886be0d03a8701 .av-special-heading-tag{\nfont-size:42px;\n}\n.av-special-heading.av-av_heading-fcd49b7f6cff72c7b1886be0d03a8701 .av-subheading{\nfont-size:15px;\n}\n\n@media only screen and (min-width: 480px) and (max-width: 767px){ \n#top #wrap_all .av-special-heading.av-av_heading-fcd49b7f6cff72c7b1886be0d03a8701 .av-special-heading-tag{\nfont-size:0.8em;\n}\n}\n\n@media only screen and (max-width: 479px){ \n#top #wrap_all .av-special-heading.av-av_heading-fcd49b7f6cff72c7b1886be0d03a8701 .av-special-heading-tag{\nfont-size:0.8em;\n}\n}\n<\/style>\n<div  class='av-special-heading av-av_heading-fcd49b7f6cff72c7b1886be0d03a8701 av-special-heading-h1 blockquote modern-quote  avia-builder-el-1  el_before_av_one_half  avia-builder-el-first  av-inherit-size'><div class='av-subheading av-subheading_above'><p>Activities<\/p>\n<\/div><h1 class='av-special-heading-tag '  itemprop=\"headline\"  >Arrangement and Direction<\/h1><div class=\"special-heading-border\"><div class=\"special-heading-inner-border\"><\/div><\/div><\/div>\n\n<style type=\"text\/css\" data-created_by=\"avia_inline_auto\" id=\"style-css-av-av_one_half-9497bbf8bff73ea4c6992cc17fa9ec36\">\n.flex_column.av-av_one_half-9497bbf8bff73ea4c6992cc17fa9ec36{\nborder-radius:0px 0px 0px 0px;\npadding:0px 0px 0px 0px;\n}\n<\/style>\n<div  class='flex_column av-av_one_half-9497bbf8bff73ea4c6992cc17fa9ec36 av_one_half  avia-builder-el-2  el_after_av_heading  el_before_av_one_half  first flex_column_div av-zero-column-padding  '     ><style type=\"text\/css\" data-created_by=\"avia_inline_auto\" id=\"style-css-av-av_textblock-fae8699d538200a543ba402659dba9b0\">\n#top .av_textblock_section.av-av_textblock-fae8699d538200a543ba402659dba9b0 .avia_textblock{\nfont-size:16px;\n}\n<\/style>\n<section  class='av_textblock_section av-av_textblock-fae8699d538200a543ba402659dba9b0 '   itemscope=\"itemscope\" itemtype=\"https:\/\/schema.org\/CreativeWork\" ><div class='avia_textblock'  itemprop=\"text\" ><p><a href=\"#vientos\">Arreglos para secci\u00f3n de vientos<br \/>\n<\/a><a href=\"#cuerdas\">Arreglos para secci\u00f3n de cuerdas<\/a><br \/>\n<a href=\"#vocales\">Arreglos para ensambles vocales<\/a><\/p>\n<\/div><\/section><\/div>\n<style type=\"text\/css\" data-created_by=\"avia_inline_auto\" id=\"style-css-av-av_one_half-9c1d454dc06f7247226bc4e8f931daae\">\n.flex_column.av-av_one_half-9c1d454dc06f7247226bc4e8f931daae{\nborder-radius:0px 0px 0px 0px;\npadding:0px 0px 0px 0px;\n}\n<\/style>\n<div  class='flex_column av-av_one_half-9c1d454dc06f7247226bc4e8f931daae av_one_half  avia-builder-el-4  el_after_av_one_half  avia-builder-el-last  flex_column_div av-zero-column-padding  '     ><style type=\"text\/css\" data-created_by=\"avia_inline_auto\" id=\"style-css-av-av_textblock-fae8699d538200a543ba402659dba9b0\">\n#top .av_textblock_section.av-av_textblock-fae8699d538200a543ba402659dba9b0 .avia_textblock{\nfont-size:16px;\n}\n<\/style>\n<section  class='av_textblock_section av-av_textblock-fae8699d538200a543ba402659dba9b0 '   itemscope=\"itemscope\" itemtype=\"https:\/\/schema.org\/CreativeWork\" ><div class='avia_textblock'  itemprop=\"text\" ><p><a href=\"#orquesta\">Arreglos para ensambles orquestales<\/a><br \/>\n<a href=\"#camara\">Arreglos para conjuntos de c\u00e1mara<\/a><\/p>\n<\/div><\/section><\/div>\n\n<\/div><\/div><\/main><!-- close content main element --><\/div><\/div><\/div>\n<style type=\"text\/css\" data-created_by=\"avia_inline_auto\" id=\"style-css-av-av_section-d34aae6837ff50eccf74d46bdd4a0ecf\">\n.avia-section.av-av_section-d34aae6837ff50eccf74d46bdd4a0ecf .av-parallax .av-parallax-inner{\nbackground-color:#111111;\nbackground-image:url(https:\/\/polloraffo.com\/wp-content\/uploads\/2016\/04\/pattern_compo.jpg);\nbackground-repeat:repeat;\nbackground-position:0% 0%;\nbackground-attachment:scroll;\n}\n.avia-section.av-av_section-d34aae6837ff50eccf74d46bdd4a0ecf .av-extra-border-element .av-extra-border-inner{\nbackground-color:#111111;\n}\n<\/style>\n<div id='raffo'  class='avia-section av-av_section-d34aae6837ff50eccf74d46bdd4a0ecf main_color avia-section-default avia-no-shadow  avia-builder-el-6  el_after_av_section  el_before_av_section  av-parallax-section avia-bg-style-parallax av-arrow-down-section container_wrap fullsize'  data-section-bg-repeat='repeat'><div class='av-parallax' data-avia-parallax-ratio='0.3' ><div class='av-parallax-inner main_color '><\/div><\/div><div class=\"av-section-color-overlay-wrap\"><a href='#next-section' title='' class='scroll-down-link ' aria-hidden='true' data-av_icon='\ue877' data-av_iconfont='entypo-fontello'><\/a><div class='container av-section-cont-open' ><div class='template-page content  av-content-full alpha units'><div class='post-entry post-entry-type-page post-entry-3829'><div class='entry-content-wrapper clearfix'>\n\n<style type=\"text\/css\" data-created_by=\"avia_inline_auto\" id=\"style-css-av-av_textblock-a46e63d3243520f360b66d40f943954f\">\n#top .av_textblock_section.av-av_textblock-a46e63d3243520f360b66d40f943954f .avia_textblock{\nfont-size:14px;\n}\n<\/style>\n<section  class='av_textblock_section av-av_textblock-a46e63d3243520f360b66d40f943954f '   itemscope=\"itemscope\" itemtype=\"https:\/\/schema.org\/CreativeWork\" ><div class='avia_textblock'  itemprop=\"text\" ><p><span class='av_dropcap1 av-av_dropcap1-3cd9da5fea0ef5fb27aee617571c39a3'>S<\/span>imultaneously to his own personal projects, since the 70\u2019s Raffo has had a prolific career as an arranger, conductor and performer alongside other artists, both for recording sessions and live sets. As a result of this, he has featured in the most important theatres and stadiums of the city of Buenos Aires and, literally, in all the provinces of Argentina. Among these activities, the following may be pointed out:<\/p>\n<p>Musical director, arranger, composer and keyboardist for Juan Carlos Baglietto (1983-1988 and 1992), having performed with this group in concerts and tours throughout the entire country as well as abroad (In Buenos Aires, at the Coliseo and Opera theatres and at the Obras and Luna Park stadiums; in Rosario, at the Astengo and El C\u00edrculo theatres and at the Rosario Central stadium; in C\u00f3rdoba, at the Chateau Carreras stadium and at the Cosqu\u00edn and La Falda rock festivals; and also abroad at the Festival Internacional Varadero \u201988 in Cuba and the Feria Mundial Expo Sevilla \u201992 in Spain).<\/p>\n<p>Musical director, arranger and keyboardist for Manuel Wirzt since 1992 (Opera, Broadway and Coliseo theatres, Obras stadium and the TV show \u201cNo te quedes afuera\u201d, winner of the 1993 Mart\u00edn Fierro award for Best Children\u2019s Show).<\/p>\n<p>Guest keyboardist for the legendary rock band Vox Dei (National tours of 1996 and 1997, Opera and Gran Rex theatres, mega-concert presenting \u201cLa Biblia versi\u00f3n 1998\u201d at the steps of the La Plata cathedral alongside the Symphonic Orchestra of the Teatro Argentino).<\/p>\n<p>Guest keyboardist for Ratones Paranoicos (Obras stadium, 1993-1994; USA tour, 1994; River Plate stadium, as an opening act for the Rolling Stones, 1995).<\/p>\n<p>Guest keyboardist for Redd (La Falda festival, 1980; La Salle theatre, 1979; IFT theatre, 2004; Santa Mar\u00eda theatre, 2007).<\/p>\n<p>Arranger for the Orquesta Juan de Dios Filiberto, conducted by Gustavo Spatocco, for the album \u201cEscuchame entre el Ruido\/40 a\u00f1os de Rock Argentino\u201d, produced by Lito Vitale, the proceeds of which were destined to the Fundaci\u00f3n Garrahan; the project included contributions by almost thirty of the most important artists of Argentinean rock music. The album was granted the Gardel Solidario award in 2006, which honors the most accomplished charitable music projects in Argentina.<\/p>\n<p>Live performances and\/or recording sessions with: Soda Stereo (Obras stadium, 1987; Latin American tour, 1987), Los Piojos (Racing Club stadium, 1997; Parque Sarmiento stadium, 1998; River Plate stadium, 2003), Divididos (Obras stadium, 2002). Los Gardelitos (Obras stadium, 2006), Celeste Carballo, Miguel Cantilo, El Bordo, Fontova, Le\u00f3n Gieco, JAF, Nito Mestre, Moris, Roque Narvaja, Marcelo San Juan, Mercedes Sosa, Mar\u00eda Rosa Yorio and Julia Zenko, among others.<\/p>\n<p>Live performances alongside the following international artists upon their visit to Argentina: Jon Anderson (Yes), Alice Cooper, Scott Henderson (guest performer for Monos con Navajas in 1992), Jos\u00e9 Jos\u00e9, Armando Manzanero, Alan Parsons and Mick Taylor (Rolling Stones).<\/p>\n<p>Composer, recording artist, and musical director at advertisement music companies Play Vox\/Eduardo Schejtman (1980-1982) and Jacko Zeller y Asociados (1982-1988), for which he produced memorable jingles such as \u201cTubby 3 and Tubby 4\u201d and \u201cTodo bicho que camina\u201d for Kaotrina.<\/p>\n<\/div><\/section>\n\n<\/div><\/div><\/div><!-- close content main div --><\/div><div class='av-extra-border-element border-extra-arrow-down'><div class='av-extra-border-outer'><div class='av-extra-border-inner'><\/div><\/div><\/div><\/div><\/div>\n<style type=\"text\/css\" data-created_by=\"avia_inline_auto\" id=\"style-css-av-av_section-a75ec294cdf119a74d7ccab41c029ed6\">\n.avia-section.av-av_section-a75ec294cdf119a74d7ccab41c029ed6 .av-parallax .av-parallax-inner{\nbackground-repeat:no-repeat;\nbackground-image:url(https:\/\/polloraffo.com\/wp-content\/uploads\/2016\/04\/BG-BIO.jpg);\nbackground-position:0% 0%;\nbackground-attachment:scroll;\n}\n.avia-section.av-av_section-a75ec294cdf119a74d7ccab41c029ed6 .av-section-color-overlay{\nopacity:0.4;\n}\n.avia-section.av-av_section-a75ec294cdf119a74d7ccab41c029ed6 .av-extra-border-element .av-extra-border-inner{\nbackground-color:#141414;\n}\n<\/style>\n<div id='vientos'  class='avia-section av-av_section-a75ec294cdf119a74d7ccab41c029ed6 main_color avia-section-default avia-no-shadow  avia-builder-el-8  el_after_av_section  el_before_av_section  avia-full-stretch av-parallax-section avia-bg-style-parallax av-section-color-overlay-active av-arrow-down-section container_wrap fullsize'  data-section-bg-repeat='stretch'><div class='av-parallax' data-avia-parallax-ratio='0.3' ><div class='av-parallax-inner main_color avia-full-stretch'><\/div><\/div><div class=\"av-section-color-overlay-wrap\"><div class=\"av-section-color-overlay\"><\/div><div class='container av-section-cont-open' ><div class='template-page content  av-content-full alpha units'><div class='post-entry post-entry-type-page post-entry-3829'><div class='entry-content-wrapper clearfix'>\n\n<style type=\"text\/css\" data-created_by=\"avia_inline_auto\" id=\"style-css-av-av_textblock-a46e63d3243520f360b66d40f943954f\">\n#top .av_textblock_section.av-av_textblock-a46e63d3243520f360b66d40f943954f .avia_textblock{\nfont-size:14px;\n}\n<\/style>\n<section  class='av_textblock_section av-av_textblock-a46e63d3243520f360b66d40f943954f '   itemscope=\"itemscope\" itemtype=\"https:\/\/schema.org\/CreativeWork\" ><div class='avia_textblock'  itemprop=\"text\" ><h3><strong><span class=\"texto18\" style=\"color: #ffffff;\"> Arrangement for wind section<\/span><br \/>\n<\/strong><\/h3>\n<\/div><\/section>\n\n<\/div><\/div><\/div><!-- close content main div --><\/div><div class='av-extra-border-element border-extra-arrow-down'><div class='av-extra-border-outer'><div class='av-extra-border-inner'><\/div><\/div><\/div><\/div><\/div>\n<style type=\"text\/css\" data-created_by=\"avia_inline_auto\" id=\"style-css-av-av_section-8de69b900c21817c49d0857ad384227a\">\n.avia-section.av-av_section-8de69b900c21817c49d0857ad384227a .av-parallax .av-parallax-inner{\nbackground-color:#111111;\nbackground-image:url(https:\/\/polloraffo.com\/wp-content\/uploads\/2016\/04\/pattern_compo.jpg);\nbackground-repeat:repeat;\nbackground-position:0% 0%;\nbackground-attachment:scroll;\n}\n.avia-section.av-av_section-8de69b900c21817c49d0857ad384227a .av-extra-border-element .av-extra-border-inner{\nbackground-color:#111111;\n}\n<\/style>\n<div id='cuerdas'  class='avia-section av-av_section-8de69b900c21817c49d0857ad384227a main_color avia-section-default avia-no-shadow  avia-builder-el-11  el_after_av_section  el_before_av_section  av-parallax-section avia-bg-style-parallax av-arrow-down-section container_wrap fullsize'  data-section-bg-repeat='repeat'><div class='av-parallax' data-avia-parallax-ratio='0.3' ><div class='av-parallax-inner main_color '><\/div><\/div><div class='container av-section-cont-open' ><div class='template-page content  av-content-full alpha units'><div class='post-entry post-entry-type-page post-entry-3829'><div class='entry-content-wrapper clearfix'>\n\n<style type=\"text\/css\" data-created_by=\"avia_inline_auto\" id=\"style-css-av-av_textblock-a46e63d3243520f360b66d40f943954f\">\n#top .av_textblock_section.av-av_textblock-a46e63d3243520f360b66d40f943954f .avia_textblock{\nfont-size:14px;\n}\n<\/style>\n<section  class='av_textblock_section av-av_textblock-a46e63d3243520f360b66d40f943954f '   itemscope=\"itemscope\" itemtype=\"https:\/\/schema.org\/CreativeWork\" ><div class='avia_textblock'  itemprop=\"text\" ><h3><span style=\"color: #ffffff;\"><strong> <span class=\"texto18\">Arrangement for string section<\/span><\/strong><\/span><\/h3>\n<\/div><\/section>\n\n<\/div><\/div><\/div><!-- close content main div --><\/div><div class='av-extra-border-element border-extra-arrow-down'><div class='av-extra-border-outer'><div class='av-extra-border-inner'><\/div><\/div><\/div><\/div>\n<style type=\"text\/css\" data-created_by=\"avia_inline_auto\" id=\"style-css-av-av_section-2c6d2d8e33a70d284a52c3fbd52af5fd\">\n.avia-section.av-av_section-2c6d2d8e33a70d284a52c3fbd52af5fd .av-parallax .av-parallax-inner{\nbackground-color:#111111;\nbackground-image:url(https:\/\/polloraffo.com\/wp-content\/uploads\/2016\/04\/BG-BIO.jpg);\nbackground-repeat:no-repeat;\nbackground-position:0% 0%;\nbackground-attachment:scroll;\n}\n.avia-section.av-av_section-2c6d2d8e33a70d284a52c3fbd52af5fd .av-section-color-overlay{\nopacity:0.4;\n}\n.avia-section.av-av_section-2c6d2d8e33a70d284a52c3fbd52af5fd .av-extra-border-element .av-extra-border-inner{\nbackground-color:#111111;\n}\n<\/style>\n<div id='vocales'  class='avia-section av-av_section-2c6d2d8e33a70d284a52c3fbd52af5fd main_color avia-section-default avia-no-shadow  avia-builder-el-14  el_after_av_section  el_before_av_section  avia-full-stretch av-parallax-section avia-bg-style-parallax av-section-color-overlay-active av-arrow-down-section container_wrap fullsize'  data-section-bg-repeat='stretch'><div class='av-parallax' data-avia-parallax-ratio='0.3' ><div class='av-parallax-inner main_color avia-full-stretch'><\/div><\/div><div class=\"av-section-color-overlay-wrap\"><div class=\"av-section-color-overlay\"><\/div><div class='container av-section-cont-open' ><div class='template-page content  av-content-full alpha units'><div class='post-entry post-entry-type-page post-entry-3829'><div class='entry-content-wrapper clearfix'>\n\n<style type=\"text\/css\" data-created_by=\"avia_inline_auto\" id=\"style-css-av-av_textblock-a46e63d3243520f360b66d40f943954f\">\n#top .av_textblock_section.av-av_textblock-a46e63d3243520f360b66d40f943954f .avia_textblock{\nfont-size:14px;\n}\n<\/style>\n<section  class='av_textblock_section av-av_textblock-a46e63d3243520f360b66d40f943954f '   itemscope=\"itemscope\" itemtype=\"https:\/\/schema.org\/CreativeWork\" ><div class='avia_textblock'  itemprop=\"text\" ><h3><span style=\"color: #ffffff;\"><strong><span class=\"texto18\">Arrangement for vocal ensembles<\/span><\/strong><\/span><\/h3>\n<\/div><\/section>\n\n<\/div><\/div><\/div><!-- close content main div --><\/div><div class='av-extra-border-element border-extra-arrow-down'><div class='av-extra-border-outer'><div class='av-extra-border-inner'><\/div><\/div><\/div><\/div><\/div>\n<style type=\"text\/css\" data-created_by=\"avia_inline_auto\" id=\"style-css-av-av_section-a7dc39ef1db2fd8abf4766b0cfaf76c1\">\n.avia-section.av-av_section-a7dc39ef1db2fd8abf4766b0cfaf76c1 .av-parallax .av-parallax-inner{\nbackground-color:#111111;\nbackground-image:url(https:\/\/polloraffo.com\/wp-content\/uploads\/2016\/04\/pattern_compo.jpg);\nbackground-repeat:repeat;\nbackground-position:0% 0%;\nbackground-attachment:scroll;\n}\n.avia-section.av-av_section-a7dc39ef1db2fd8abf4766b0cfaf76c1 .av-extra-border-element .av-extra-border-inner{\nbackground-color:#111111;\n}\n<\/style>\n<div id='orquesta'  class='avia-section av-av_section-a7dc39ef1db2fd8abf4766b0cfaf76c1 main_color avia-section-default avia-no-shadow  avia-builder-el-17  el_after_av_section  el_before_av_section  av-parallax-section avia-bg-style-parallax av-arrow-down-section container_wrap fullsize'  data-section-bg-repeat='repeat'><div class='av-parallax' data-avia-parallax-ratio='0.3' ><div class='av-parallax-inner main_color '><\/div><\/div><div class='container av-section-cont-open' ><div class='template-page content  av-content-full alpha units'><div class='post-entry post-entry-type-page post-entry-3829'><div class='entry-content-wrapper clearfix'>\n\n<style type=\"text\/css\" data-created_by=\"avia_inline_auto\" id=\"style-css-av-av_textblock-a46e63d3243520f360b66d40f943954f\">\n#top .av_textblock_section.av-av_textblock-a46e63d3243520f360b66d40f943954f .avia_textblock{\nfont-size:14px;\n}\n<\/style>\n<section  class='av_textblock_section av-av_textblock-a46e63d3243520f360b66d40f943954f '   itemscope=\"itemscope\" itemtype=\"https:\/\/schema.org\/CreativeWork\" ><div class='avia_textblock'  itemprop=\"text\" ><h3><span style=\"color: #ffffff;\"><strong> <span class=\"texto18\">Arrangement for orchestral ensembles<\/span><\/strong><\/span><\/h3>\n<\/div><\/section>\n\n<\/div><\/div><\/div><!-- close content main div --><\/div><div class='av-extra-border-element border-extra-arrow-down'><div class='av-extra-border-outer'><div class='av-extra-border-inner'><\/div><\/div><\/div><\/div>\n<style type=\"text\/css\" data-created_by=\"avia_inline_auto\" id=\"style-css-av-av_section-f1b6641b6a2e1457caed8b94bfb96d58\">\n.avia-section.av-av_section-f1b6641b6a2e1457caed8b94bfb96d58 .av-parallax .av-parallax-inner{\nbackground-color:#111111;\nbackground-image:url(https:\/\/polloraffo.com\/wp-content\/uploads\/2016\/04\/BG-BIO.jpg);\nbackground-repeat:no-repeat;\nbackground-position:0% 0%;\nbackground-attachment:scroll;\n}\n.avia-section.av-av_section-f1b6641b6a2e1457caed8b94bfb96d58 .av-section-color-overlay{\nopacity:0.4;\n}\n.avia-section.av-av_section-f1b6641b6a2e1457caed8b94bfb96d58 .av-extra-border-element .av-extra-border-inner{\nbackground-color:#111111;\n}\n<\/style>\n<div id='camara'  class='avia-section av-av_section-f1b6641b6a2e1457caed8b94bfb96d58 main_color avia-section-default avia-no-shadow  avia-builder-el-20  el_after_av_section  avia-builder-el-last  avia-full-stretch av-parallax-section avia-bg-style-parallax av-section-color-overlay-active av-arrow-down-section container_wrap fullsize'  data-section-bg-repeat='stretch'><div class='av-parallax' data-avia-parallax-ratio='0.3' ><div class='av-parallax-inner main_color avia-full-stretch'><\/div><\/div><div class=\"av-section-color-overlay-wrap\"><div class=\"av-section-color-overlay\"><\/div><div class='container av-section-cont-open' ><div class='template-page content  av-content-full alpha units'><div class='post-entry post-entry-type-page post-entry-3829'><div class='entry-content-wrapper clearfix'>\n\n<style type=\"text\/css\" data-created_by=\"avia_inline_auto\" id=\"style-css-av-av_textblock-a46e63d3243520f360b66d40f943954f\">\n#top .av_textblock_section.av-av_textblock-a46e63d3243520f360b66d40f943954f .avia_textblock{\nfont-size:14px;\n}\n<\/style>\n<section  class='av_textblock_section av-av_textblock-a46e63d3243520f360b66d40f943954f '   itemscope=\"itemscope\" itemtype=\"https:\/\/schema.org\/CreativeWork\" ><div class='avia_textblock'  itemprop=\"text\" ><h3><span style=\"color: #ffffff;\"><strong> <span class=\"texto18\">Arrangement for chamber sets<\/span><\/strong><\/span><\/h3>\n<\/div><\/section>\n\n<\/p>\n","protected":false},"excerpt":{"rendered":"","protected":false},"author":1,"featured_media":0,"parent":0,"menu_order":0,"comment_status":"closed","ping_status":"closed","template":"","meta":{"footnotes":""},"class_list":["post-3829","page","type-page","status-publish","hentry"],"_links":{"self":[{"href":"https:\/\/polloraffo.com\/en\/wp-json\/wp\/v2\/pages\/3829","targetHints":{"allow":["GET"]}}],"collection":[{"href":"https:\/\/polloraffo.com\/en\/wp-json\/wp\/v2\/pages"}],"about":[{"href":"https:\/\/polloraffo.com\/en\/wp-json\/wp\/v2\/types\/page"}],"author":[{"embeddable":true,"href":"https:\/\/polloraffo.com\/en\/wp-json\/wp\/v2\/users\/1"}],"replies":[{"embeddable":true,"href":"https:\/\/polloraffo.com\/en\/wp-json\/wp\/v2\/comments?post=3829"}],"version-history":[{"count":5,"href":"https:\/\/polloraffo.com\/en\/wp-json\/wp\/v2\/pages\/3829\/revisions"}],"predecessor-version":[{"id":3853,"href":"https:\/\/polloraffo.com\/en\/wp-json\/wp\/v2\/pages\/3829\/revisions\/3853"}],"wp:attachment":[{"href":"https:\/\/polloraffo.com\/en\/wp-json\/wp\/v2\/media?parent=3829"}],"curies":[{"name":"wp","href":"https:\/\/api.w.org\/{rel}","templated":true}]}}