{"id":3831,"date":"2016-04-28T22:51:13","date_gmt":"2016-04-28T22:51:13","guid":{"rendered":"http:\/\/sd-5601218-h00007.ferozo.net\/en\/?page_id=3831"},"modified":"2016-04-29T16:32:03","modified_gmt":"2016-04-29T16:32:03","slug":"docencia","status":"publish","type":"page","link":"https:\/\/polloraffo.com\/en\/docencia\/","title":{"rendered":"Docencia"},"content":{"rendered":"\n<style type=\"text\/css\" data-created_by=\"avia_inline_auto\" id=\"style-css-av-av_section-352ab27ce1c85e264d22ef6b2e16e7fa\">\n.avia-section.av-av_section-352ab27ce1c85e264d22ef6b2e16e7fa .av-parallax .av-parallax-inner{\nbackground-repeat:no-repeat;\nbackground-image:url(https:\/\/polloraffo.com\/wp-content\/uploads\/2016\/04\/BG-BIO.jpg);\nbackground-position:50% 50%;\nbackground-attachment:scroll;\n}\n.avia-section.av-av_section-352ab27ce1c85e264d22ef6b2e16e7fa .av-section-color-overlay{\nopacity:0.4;\nbackground-color:#000000;\n}\n<\/style>\n<div id='av_section_1'  class='avia-section av-av_section-352ab27ce1c85e264d22ef6b2e16e7fa main_color avia-section-default avia-no-border-styling  avia-builder-el-0  el_before_av_section  avia-builder-el-first  avia-full-stretch av-parallax-section avia-bg-style-parallax av-section-color-overlay-active container_wrap fullsize'  data-section-bg-repeat='stretch'><div class='av-parallax' data-avia-parallax-ratio='0.3' ><div class='av-parallax-inner main_color avia-full-stretch'><\/div><\/div><div class=\"av-section-color-overlay-wrap\"><div class=\"av-section-color-overlay\"><\/div><a href='#next-section' title='' class='scroll-down-link ' aria-hidden='true' data-av_icon='\ue877' data-av_iconfont='entypo-fontello'><\/a><div class='container av-section-cont-open' ><main  role=\"main\" itemprop=\"mainContentOfPage\"  class='template-page content  av-content-full alpha units'><div class='post-entry post-entry-type-page post-entry-3831'><div class='entry-content-wrapper clearfix'>\n\n<style type=\"text\/css\" data-created_by=\"avia_inline_auto\" id=\"style-css-av-av_heading-734800ec3b1711848fd401cafcf04493\">\n#top .av-special-heading.av-av_heading-734800ec3b1711848fd401cafcf04493{\npadding-bottom:10px;\nfont-size:42px;\n}\nbody .av-special-heading.av-av_heading-734800ec3b1711848fd401cafcf04493 .av-special-heading-tag .heading-char{\nfont-size:25px;\n}\n#top #wrap_all .av-special-heading.av-av_heading-734800ec3b1711848fd401cafcf04493 .av-special-heading-tag{\nfont-size:42px;\n}\n.av-special-heading.av-av_heading-734800ec3b1711848fd401cafcf04493 .av-subheading{\nfont-size:15px;\n}\n\n@media only screen and (min-width: 480px) and (max-width: 767px){ \n#top #wrap_all .av-special-heading.av-av_heading-734800ec3b1711848fd401cafcf04493 .av-special-heading-tag{\nfont-size:0.8em;\n}\n}\n\n@media only screen and (max-width: 479px){ \n#top #wrap_all .av-special-heading.av-av_heading-734800ec3b1711848fd401cafcf04493 .av-special-heading-tag{\nfont-size:0.8em;\n}\n}\n<\/style>\n<div  class='av-special-heading av-av_heading-734800ec3b1711848fd401cafcf04493 av-special-heading-h1 blockquote modern-quote  avia-builder-el-1  el_before_av_one_full  avia-builder-el-first  av-inherit-size'><div class='av-subheading av-subheading_above'><p>Activities<\/p>\n<\/div><h1 class='av-special-heading-tag '  itemprop=\"headline\"  >Teaching<\/h1><div class=\"special-heading-border\"><div class=\"special-heading-inner-border\"><\/div><\/div><\/div>\n\n<style type=\"text\/css\" data-created_by=\"avia_inline_auto\" id=\"style-css-av-av_one_full-9497bbf8bff73ea4c6992cc17fa9ec36\">\n.flex_column.av-av_one_full-9497bbf8bff73ea4c6992cc17fa9ec36{\nborder-radius:0px 0px 0px 0px;\npadding:0px 0px 0px 0px;\n}\n<\/style>\n<div  class='flex_column av-av_one_full-9497bbf8bff73ea4c6992cc17fa9ec36 av_one_full  avia-builder-el-2  el_after_av_heading  avia-builder-el-last  first flex_column_div av-zero-column-padding  '     ><style type=\"text\/css\" data-created_by=\"avia_inline_auto\" id=\"style-css-av-av_textblock-fae8699d538200a543ba402659dba9b0\">\n#top .av_textblock_section.av-av_textblock-fae8699d538200a543ba402659dba9b0 .avia_textblock{\nfont-size:16px;\n}\n<\/style>\n<section  class='av_textblock_section av-av_textblock-fae8699d538200a543ba402659dba9b0 '   itemscope=\"itemscope\" itemtype=\"https:\/\/schema.org\/CreativeWork\" ><div class='avia_textblock'  itemprop=\"text\" ><p style=\"text-align: justify;\">Since 1990 he has worked profusely as an educator in the fields of composition, arranging, keyboards and directing ensemble workshops. In addition to giving private lessons, he is or has been part of the following institutions:<\/p>\n<\/div><\/section><\/div>\n\n<\/div><\/div><\/main><!-- close content main element --><\/div><\/div><\/div>\n<style type=\"text\/css\" data-created_by=\"avia_inline_auto\" id=\"style-css-av-av_section-cfc09fa32d43759dbdb6cddc06da0e91\">\n.avia-section.av-av_section-cfc09fa32d43759dbdb6cddc06da0e91 .av-parallax .av-parallax-inner{\nbackground-color:#111111;\nbackground-image:url(https:\/\/polloraffo.com\/wp-content\/uploads\/2016\/04\/pattern_compo.jpg);\nbackground-repeat:repeat;\nbackground-position:0% 0%;\nbackground-attachment:scroll;\n}\n.avia-section.av-av_section-cfc09fa32d43759dbdb6cddc06da0e91 .av-extra-border-element .av-extra-border-inner{\nbackground-color:#111111;\n}\n<\/style>\n<div id='av_section_2'  class='avia-section av-av_section-cfc09fa32d43759dbdb6cddc06da0e91 main_color avia-section-default avia-no-shadow  avia-builder-el-4  el_after_av_section  el_before_av_section  av-parallax-section avia-bg-style-parallax av-arrow-down-section container_wrap fullsize'  data-section-bg-repeat='repeat'><div class='av-parallax' data-avia-parallax-ratio='0.3' ><div class='av-parallax-inner main_color '><\/div><\/div><div class='container av-section-cont-open' ><div class='template-page content  av-content-full alpha units'><div class='post-entry post-entry-type-page post-entry-3831'><div class='entry-content-wrapper clearfix'>\n\n<style type=\"text\/css\" data-created_by=\"avia_inline_auto\" id=\"style-css-av-av_textblock-a46e63d3243520f360b66d40f943954f\">\n#top .av_textblock_section.av-av_textblock-a46e63d3243520f360b66d40f943954f .avia_textblock{\nfont-size:14px;\n}\n<\/style>\n<section  class='av_textblock_section av-av_textblock-a46e63d3243520f360b66d40f943954f '   itemscope=\"itemscope\" itemtype=\"https:\/\/schema.org\/CreativeWork\" ><div class='avia_textblock'  itemprop=\"text\" ><h3><strong>1997-present day<br \/>\n<\/strong><\/h3>\n<p style=\"text-align: justify;\">Escuela de M\u00fasica Contempor\u00e1nea (EMC): Chairman of the Harmony department. Teacher and designer of the academic programs for the subjects of music theory and composition.<\/p>\n<h3><strong>2000-2001 y 2008-present day<\/strong><\/h3>\n<p style=\"text-align: justify;\">New York University (NYU) in Buenos Aires: Teacher and designer of the course \u201cThe Music of Latin America\u201d, relating to popular and folk music in that continent and intended for North-American liberal arts students.<\/p>\n<h3><strong>1999<\/strong><\/h3>\n<p style=\"text-align: justify;\">New York University (NYU), New York City, USA: Teaching assistanship and paper grading in the subject of Music Theory.<\/p>\n<h3><strong>2000-2004<\/strong><\/h3>\n<p style=\"text-align: justify;\">E:MU Educaci\u00f3n Musical (La Plata): Teacher and course designer for the subjects of arranging, composition, harmony, keyboards and ensemble workshops.<\/p>\n<h3><strong>1990-1995<\/strong><\/h3>\n<p style=\"text-align: justify;\">Instituto Tecnol\u00f3gico de M\u00fasica Contempor\u00e1nea (ITMC): Professor of harmony, arranging and ensemble workshops.<\/p>\n<h3><strong>1990-1992<\/strong><\/h3>\n<p style=\"text-align: justify;\">Escuela Popular de M\u00fasica del SADEM (Sindicato Argentino de M\u00fasicos): Professor of harmony, arranging and ensemble workshops.<\/p>\n<\/div><\/section>\n\n<\/div><\/div><\/div><!-- close content main div --><\/div><div class='av-extra-border-element border-extra-arrow-down'><div class='av-extra-border-outer'><div class='av-extra-border-inner'><\/div><\/div><\/div><\/div>\n<style type=\"text\/css\" data-created_by=\"avia_inline_auto\" id=\"style-css-av-av_section-73035f3a20550cc23c18a3bf46b903e8\">\n.avia-section.av-av_section-73035f3a20550cc23c18a3bf46b903e8 .av-parallax .av-parallax-inner{\nbackground-repeat:no-repeat;\nbackground-image:url(https:\/\/polloraffo.com\/wp-content\/uploads\/2016\/04\/BG-BIO.jpg);\nbackground-position:0% 0%;\nbackground-attachment:scroll;\n}\n.avia-section.av-av_section-73035f3a20550cc23c18a3bf46b903e8 .av-section-color-overlay{\nopacity:0.4;\n}\n.avia-section.av-av_section-73035f3a20550cc23c18a3bf46b903e8 .av-extra-border-element .av-extra-border-inner{\nbackground-color:#141414;\n}\n<\/style>\n<div id='plachta'  class='avia-section av-av_section-73035f3a20550cc23c18a3bf46b903e8 main_color avia-section-default avia-no-shadow  avia-builder-el-6  el_after_av_section  avia-builder-el-last  avia-full-stretch av-parallax-section avia-bg-style-parallax av-section-color-overlay-active av-arrow-down-section container_wrap fullsize'  data-section-bg-repeat='stretch'><div class='av-parallax' data-avia-parallax-ratio='0.3' ><div class='av-parallax-inner main_color avia-full-stretch'><\/div><\/div><div class=\"av-section-color-overlay-wrap\"><div class=\"av-section-color-overlay\"><\/div><div class='container av-section-cont-open' ><div class='template-page content  av-content-full alpha units'><div class='post-entry post-entry-type-page post-entry-3831'><div class='entry-content-wrapper clearfix'>\n\n<style type=\"text\/css\" data-created_by=\"avia_inline_auto\" id=\"style-css-av-av_textblock-a46e63d3243520f360b66d40f943954f\">\n#top .av_textblock_section.av-av_textblock-a46e63d3243520f360b66d40f943954f .avia_textblock{\nfont-size:14px;\n}\n<\/style>\n<section  class='av_textblock_section av-av_textblock-a46e63d3243520f360b66d40f943954f '   itemscope=\"itemscope\" itemtype=\"https:\/\/schema.org\/CreativeWork\" ><div class='avia_textblock'  itemprop=\"text\" ><h3><strong>Other activities<\/strong><\/h3>\n<p>Professor at the Escuela Itinerante del Ministerio de Educaci\u00f3n, a national government program for the instruction of music teachers throughout the entire country.<\/p>\n<p>Courses, clinics and master classes at the Centro Cultural Rojas, Escuela de M\u00fasica del Colegio Ward, Escuela de M\u00fasica Popular de Viedma and La Colmena music school, in the city of C\u00f3rdoba.<\/p>\n<p>Participation as an instrumentalist and english-spanish interpreter at the clinics of international masters Scott Henderson (1991 and 1992), Gerald Veasley (1993) and Joe Zawinul (1993).<\/p>\n<p>Resident lecturer of Tango History for the Fulbright-Hays exchange program, designed for North-American university professors visiting Argentina.<\/p>\n<p><strong style=\"color: #ffffff !important; font-weight: bold;\">Through his teaching activity he has contributed to the formation of some outstanding musicians of the Argentinean music scene. Some of them are:<\/strong><\/p>\n<p>Andr\u00e9s Beeuwsaert\/Keyboards (Aca Seca, Pedro Aznar, Javier Malosetti, Fat&#8217;s Fern\u00e1ndez)<br \/>\nBeto Caletti\/Guitar, vocals (Solo artist)<br \/>\nAlejandro Dolina (Grupo Vocal Cabernet)<br \/>\nLuciano Dyzenchauz\/Bass (Puente Celeste)<br \/>\nDami\u00e1n Fogiel\/Saxophone (Escalandrum)<br \/>\nGonzalo Franzoni\/Guitar, vocals (Solo artist, Calaverama)<br \/>\nLuciano Jungman\/Bandoneon (La Camorra, Colortango)<br \/>\nGustavo Kupinski\/Guitar (Los Piojos)<br \/>\nMarcos Lozano (Grupo Vocal Cabernet)<br \/>\nFrancisco LoVuolo\/Piano (Solo artist, Mariano Otero Orquesta)<br \/>\nPablo Marino\/Guitar (Arranger, director)<br \/>\nFederico Marquest\u00f3\/Guitar (Composer and director of El Emporio de la Impericia)<br \/>\nAndr\u00e9s Ciro Mart\u00ednez\/Vocals (solo artist, Los Piojos)<br \/>\nManuel Moreira (Grupo Vocal Cabernet)<br \/>\nGustavo Musso\/Saxophone (Escalandrum)<br \/>\nMariano Otero\/Bass (Composer, solo artist)<br \/>\nAlan Plachta\/Guitar (Composer, solo artist)<br \/>\nCamilo Reiners (Composer, director)<br \/>\nPablo Saclis\/Keyboards (Arranger, director)<br \/>\nMariano S\u00edvori\/Bass (Escalandrum)<\/p>\n<\/div><\/section>\n\n","protected":false},"excerpt":{"rendered":"","protected":false},"author":1,"featured_media":0,"parent":0,"menu_order":0,"comment_status":"closed","ping_status":"closed","template":"","meta":{"footnotes":""},"class_list":["post-3831","page","type-page","status-publish","hentry"],"_links":{"self":[{"href":"https:\/\/polloraffo.com\/en\/wp-json\/wp\/v2\/pages\/3831","targetHints":{"allow":["GET"]}}],"collection":[{"href":"https:\/\/polloraffo.com\/en\/wp-json\/wp\/v2\/pages"}],"about":[{"href":"https:\/\/polloraffo.com\/en\/wp-json\/wp\/v2\/types\/page"}],"author":[{"embeddable":true,"href":"https:\/\/polloraffo.com\/en\/wp-json\/wp\/v2\/users\/1"}],"replies":[{"embeddable":true,"href":"https:\/\/polloraffo.com\/en\/wp-json\/wp\/v2\/comments?post=3831"}],"version-history":[{"count":8,"href":"https:\/\/polloraffo.com\/en\/wp-json\/wp\/v2\/pages\/3831\/revisions"}],"predecessor-version":[{"id":3860,"href":"https:\/\/polloraffo.com\/en\/wp-json\/wp\/v2\/pages\/3831\/revisions\/3860"}],"wp:attachment":[{"href":"https:\/\/polloraffo.com\/en\/wp-json\/wp\/v2\/media?parent=3831"}],"curies":[{"name":"wp","href":"https:\/\/api.w.org\/{rel}","templated":true}]}}