{"id":4495,"date":"2016-06-21T16:57:06","date_gmt":"2016-06-21T19:57:06","guid":{"rendered":"http:\/\/sd-5601218-h00007.ferozo.net\/en\/?page_id=4495"},"modified":"2016-08-10T12:32:34","modified_gmt":"2016-08-10T15:32:34","slug":"press","status":"publish","type":"page","link":"https:\/\/polloraffo.com\/en\/press\/","title":{"rendered":"Press"},"content":{"rendered":"\n<style type=\"text\/css\" data-created_by=\"avia_inline_auto\" id=\"style-css-av-av_section-dfea362172e079bf45bc3808a80bed91\">\n.avia-section.av-av_section-dfea362172e079bf45bc3808a80bed91 .av-parallax .av-parallax-inner{\nbackground-repeat:no-repeat;\nbackground-image:url(https:\/\/polloraffo.com\/wp-content\/uploads\/2016\/06\/BG-PRENSA.jpg);\nbackground-position:50% 0%;\nbackground-attachment:scroll;\n}\n.avia-section.av-av_section-dfea362172e079bf45bc3808a80bed91 .av-section-color-overlay{\nopacity:0.7;\nbackground-color:#000000;\n}\n<\/style>\n<div id='av_section_1'  class='avia-section av-av_section-dfea362172e079bf45bc3808a80bed91 main_color avia-section-default avia-no-border-styling  avia-builder-el-0  avia-builder-el-no-sibling  av-parallax-section avia-bg-style-parallax av-section-color-overlay-active container_wrap fullsize'  data-section-bg-repeat='no-repeat'><div class='av-parallax' data-avia-parallax-ratio='0.3' ><div class='av-parallax-inner main_color avia-full-stretch'><\/div><\/div><div class=\"av-section-color-overlay-wrap\"><div class=\"av-section-color-overlay\"><\/div><div class='container av-section-cont-open' ><main  role=\"main\" itemprop=\"mainContentOfPage\"  class='template-page content  av-content-full alpha units'><div class='post-entry post-entry-type-page post-entry-4495'><div class='entry-content-wrapper clearfix'>\n\n<style type=\"text\/css\" data-created_by=\"avia_inline_auto\" id=\"style-css-av-av_one_full-9497bbf8bff73ea4c6992cc17fa9ec36\">\n.flex_column.av-av_one_full-9497bbf8bff73ea4c6992cc17fa9ec36{\nborder-radius:0px 0px 0px 0px;\npadding:0px 0px 0px 0px;\n}\n<\/style>\n<div  class='flex_column av-av_one_full-9497bbf8bff73ea4c6992cc17fa9ec36 av_one_full  avia-builder-el-1  avia-builder-el-no-sibling  first flex_column_div av-zero-column-padding  '     ><p>\n<style type=\"text\/css\" data-created_by=\"avia_inline_auto\" id=\"style-css-av-av_heading-7e9c4563c8dec6bc66eed7c785f0449b\">\n#top .av-special-heading.av-av_heading-7e9c4563c8dec6bc66eed7c785f0449b{\npadding-bottom:0;\nfont-size:40px;\n}\nbody .av-special-heading.av-av_heading-7e9c4563c8dec6bc66eed7c785f0449b .av-special-heading-tag .heading-char{\nfont-size:25px;\n}\n#top #wrap_all .av-special-heading.av-av_heading-7e9c4563c8dec6bc66eed7c785f0449b .av-special-heading-tag{\nfont-size:40px;\n}\n.av-special-heading.av-av_heading-7e9c4563c8dec6bc66eed7c785f0449b .av-subheading{\nfont-size:15px;\n}\n\n@media only screen and (min-width: 480px) and (max-width: 767px){ \n#top #wrap_all .av-special-heading.av-av_heading-7e9c4563c8dec6bc66eed7c785f0449b .av-special-heading-tag{\nfont-size:0.8em;\n}\n}\n\n@media only screen and (max-width: 479px){ \n#top #wrap_all .av-special-heading.av-av_heading-7e9c4563c8dec6bc66eed7c785f0449b .av-special-heading-tag{\nfont-size:0.8em;\n}\n}\n<\/style>\n<div  class='av-special-heading av-av_heading-7e9c4563c8dec6bc66eed7c785f0449b av-special-heading-h1 blockquote modern-quote modern-centered  avia-builder-el-2  el_before_av_blog  avia-builder-el-first  av-inherit-size'><h1 class='av-special-heading-tag '  itemprop=\"headline\"  >PRESS<\/h1><div class=\"special-heading-border\"><div class=\"special-heading-inner-border\"><\/div><\/div><\/div><br \/>\n<div  class='av-alb-blogposts template-blog  '  itemscope=\"itemscope\" itemtype=\"https:\/\/schema.org\/Blog\" ><article class=\"post-entry post-entry-type-standard post-entry-4499 post-loop-1 post-parity-odd single-small  post-4499 post type-post status-publish format-standard hentry category-press\"  itemscope=\"itemscope\" itemtype=\"https:\/\/schema.org\/BlogPosting\" ><div class=\"blog-meta\"><a href='https:\/\/polloraffo.com\/en\/pagina-12-an-approach-to-the-sounds-of-autumn-spanish\/' class='small-preview'  title=\"P\u00e1gina 12 \/ An approach to the sounds of autumn (spanish)\"   itemprop=\"image\" itemscope=\"itemscope\" itemtype=\"https:\/\/schema.org\/ImageObject\" ><span class=\"iconfont\" aria-hidden='true' data-av_icon='\ue836' data-av_iconfont='entypo-fontello'><\/span><\/a><\/div><div class='entry-content-wrapper clearfix standard-content'><header class=\"entry-content-header\" aria-label=\"Post: P\u00e1gina 12 \/ An approach to the sounds of autumn (spanish)\"><h2 class='post-title entry-title '  itemprop=\"headline\" ><a href=\"https:\/\/polloraffo.com\/en\/pagina-12-an-approach-to-the-sounds-of-autumn-spanish\/\" rel=\"bookmark\" title=\"Permanent Link: P\u00e1gina 12 \/ An approach to the sounds of autumn (spanish)\">P\u00e1gina 12 \/ An approach to the sounds of autumn (spanish)<span class=\"post-format-icon minor-meta\"><\/span><\/a><\/h2><span class=\"post-meta-infos\"><time class=\"date-container minor-meta updated\"  itemprop=\"datePublished\" datetime=\"2016-06-21T16:59:25-03:00\" >21 June, 2016<\/time><span class=\"text-sep\">\/<\/span><span class=\"blog-categories minor-meta\">in <a href=\"https:\/\/polloraffo.com\/en\/category\/press\/\" rel=\"tag\">Press<\/a><\/span><span class=\"text-sep\">\/<\/span><span class=\"blog-author minor-meta\">by <span class=\"entry-author-link\"  itemprop=\"author\" ><span class=\"author\"><span class=\"fn\"><a href=\"https:\/\/polloraffo.com\/en\/author\/radmin\/\" title=\"Posts by radmin\" rel=\"author\">radmin<\/a><\/span><\/span><\/span><\/span><\/span><\/header><div class=\"entry-content\"  itemprop=\"text\" ><p>El tecladista, pianista, compositor y arreglista comenz\u00f3 con la idea de ponerles m\u00fasica a las estaciones del a\u00f1o en 2006 y ya tiene listo el \u00e1lbum que cierra la saga, que publicar\u00e1 mediante una campa\u00f1a de financiamiento colectivo. Por\u00a0Cristian Vitale<\/p>\n<div class=\"read-more-link\"><a href=\"https:\/\/polloraffo.com\/en\/pagina-12-an-approach-to-the-sounds-of-autumn-spanish\/\" class=\"more-link\">Read more<span class=\"more-link-arrow\"><\/span><\/a><\/div>\n<\/div><footer class=\"entry-footer\"><\/footer><div class='post_delimiter'><\/div><\/div><div class=\"post_author_timeline\"><\/div><span class='hidden'>\n\t\t\t\t<span class='av-structured-data'  itemprop=\"image\" itemscope=\"itemscope\" itemtype=\"https:\/\/schema.org\/ImageObject\" >\n\t\t\t\t\t\t<span itemprop='url'>https:\/\/polloraffo.com\/wp-content\/uploads\/2016\/04\/LOGO-POLLO-RAFFO-ENFOLD-1.png<\/span>\n\t\t\t\t\t\t<span itemprop='height'>0<\/span>\n\t\t\t\t\t\t<span itemprop='width'>0<\/span>\n\t\t\t\t<\/span>\n\t\t\t\t<span class='av-structured-data'  itemprop=\"publisher\" itemtype=\"https:\/\/schema.org\/Organization\" itemscope=\"itemscope\" >\n\t\t\t\t\t\t<span itemprop='name'>radmin<\/span>\n\t\t\t\t\t\t<span itemprop='logo' itemscope itemtype='https:\/\/schema.org\/ImageObject'>\n\t\t\t\t\t\t\t<span itemprop='url'>https:\/\/polloraffo.com\/wp-content\/uploads\/2016\/04\/LOGO-POLLO-RAFFO-ENFOLD-1.png<\/span>\n\t\t\t\t\t\t<\/span>\n\t\t\t\t<\/span><span class='av-structured-data'  itemprop=\"author\" itemscope=\"itemscope\" itemtype=\"https:\/\/schema.org\/Person\" ><span itemprop='name'>radmin<\/span><\/span><span class='av-structured-data'  itemprop=\"datePublished\" datetime=\"2016-06-21T16:59:25-03:00\" >2016-06-21 16:59:25<\/span><span class='av-structured-data'  itemprop=\"dateModified\" itemtype=\"https:\/\/schema.org\/dateModified\" >2016-06-21 17:01:54<\/span><span class='av-structured-data'  itemprop=\"mainEntityOfPage\" itemtype=\"https:\/\/schema.org\/mainEntityOfPage\" ><span itemprop='name'>P\u00e1gina 12 \/ An approach to the sounds of autumn (spanish)<\/span><\/span><\/span><\/article><article class=\"post-entry post-entry-type-standard post-entry-4497 post-loop-2 post-parity-even post-entry-last single-small  post-4497 post type-post status-publish format-standard hentry category-press\"  itemscope=\"itemscope\" itemtype=\"https:\/\/schema.org\/BlogPosting\" ><div class=\"blog-meta\"><a href='https:\/\/polloraffo.com\/en\/clarin-juan-pollo-raffo-the-composition-as-a-text-spanish\/' class='small-preview'  title=\"Clar\u00edn \/ Juan &#039;Pollo&#039; Raffo: The composition as a Text (spanish)\"   itemprop=\"image\" itemscope=\"itemscope\" itemtype=\"https:\/\/schema.org\/ImageObject\" ><span class=\"iconfont\" aria-hidden='true' data-av_icon='\ue836' data-av_iconfont='entypo-fontello'><\/span><\/a><\/div><div class='entry-content-wrapper clearfix standard-content'><header class=\"entry-content-header\" aria-label=\"Post: Clar\u00edn \/ Juan &#8216;Pollo&#8217; Raffo: The composition as a Text (spanish)\"><h2 class='post-title entry-title '  itemprop=\"headline\" ><a href=\"https:\/\/polloraffo.com\/en\/clarin-juan-pollo-raffo-the-composition-as-a-text-spanish\/\" rel=\"bookmark\" title=\"Permanent Link: Clar\u00edn \/ Juan &#8216;Pollo&#8217; Raffo: The composition as a Text (spanish)\">Clar\u00edn \/ Juan &#8216;Pollo&#8217; Raffo: The composition as a Text (spanish)<span class=\"post-format-icon minor-meta\"><\/span><\/a><\/h2><span class=\"post-meta-infos\"><time class=\"date-container minor-meta updated\"  itemprop=\"datePublished\" datetime=\"2016-06-21T16:57:52-03:00\" >21 June, 2016<\/time><span class=\"text-sep\">\/<\/span><span class=\"blog-categories minor-meta\">in <a href=\"https:\/\/polloraffo.com\/en\/category\/press\/\" rel=\"tag\">Press<\/a><\/span><span class=\"text-sep\">\/<\/span><span class=\"blog-author minor-meta\">by <span class=\"entry-author-link\"  itemprop=\"author\" ><span class=\"author\"><span class=\"fn\"><a href=\"https:\/\/polloraffo.com\/en\/author\/radmin\/\" title=\"Posts by radmin\" rel=\"author\">radmin<\/a><\/span><\/span><\/span><\/span><\/span><\/header><div class=\"entry-content\"  itemprop=\"text\" ><p>Entrevista a Juan &#8216;Pollo&#8217; Raffo El compositor, tecladista y arreglador habla de su nuevo \u00e1lbum, \u201cBrindis\u201d, financiado por el p\u00fablico, que adelanta los jueves de mayo en Virasoro Bar, de la composici\u00f3n y de su amplitud estil\u00edstica. por Eduardo Slusarczuk<\/p>\n<div class=\"read-more-link\"><a href=\"https:\/\/polloraffo.com\/en\/clarin-juan-pollo-raffo-the-composition-as-a-text-spanish\/\" class=\"more-link\">Read more<span class=\"more-link-arrow\"><\/span><\/a><\/div>\n<\/div><footer class=\"entry-footer\"><\/footer><div class='post_delimiter'><\/div><\/div><div class=\"post_author_timeline\"><\/div><span class='hidden'>\n\t\t\t\t<span class='av-structured-data'  itemprop=\"image\" itemscope=\"itemscope\" itemtype=\"https:\/\/schema.org\/ImageObject\" >\n\t\t\t\t\t\t<span itemprop='url'>https:\/\/polloraffo.com\/wp-content\/uploads\/2016\/04\/LOGO-POLLO-RAFFO-ENFOLD-1.png<\/span>\n\t\t\t\t\t\t<span itemprop='height'>0<\/span>\n\t\t\t\t\t\t<span itemprop='width'>0<\/span>\n\t\t\t\t<\/span>\n\t\t\t\t<span class='av-structured-data'  itemprop=\"publisher\" itemtype=\"https:\/\/schema.org\/Organization\" itemscope=\"itemscope\" >\n\t\t\t\t\t\t<span itemprop='name'>radmin<\/span>\n\t\t\t\t\t\t<span itemprop='logo' itemscope itemtype='https:\/\/schema.org\/ImageObject'>\n\t\t\t\t\t\t\t<span itemprop='url'>https:\/\/polloraffo.com\/wp-content\/uploads\/2016\/04\/LOGO-POLLO-RAFFO-ENFOLD-1.png<\/span>\n\t\t\t\t\t\t<\/span>\n\t\t\t\t<\/span><span class='av-structured-data'  itemprop=\"author\" itemscope=\"itemscope\" itemtype=\"https:\/\/schema.org\/Person\" ><span itemprop='name'>radmin<\/span><\/span><span class='av-structured-data'  itemprop=\"datePublished\" datetime=\"2016-06-21T16:57:52-03:00\" >2016-06-21 16:57:52<\/span><span class='av-structured-data'  itemprop=\"dateModified\" itemtype=\"https:\/\/schema.org\/dateModified\" >2016-06-21 17:02:39<\/span><span class='av-structured-data'  itemprop=\"mainEntityOfPage\" itemtype=\"https:\/\/schema.org\/mainEntityOfPage\" ><span itemprop='name'>Clar\u00edn \/ Juan &#8216;Pollo&#8217; Raffo: The composition as a Text (spanish)<\/span><\/span><\/span><\/article><div class='single-small'><\/div><\/div><\/p><\/div>\n","protected":false},"excerpt":{"rendered":"","protected":false},"author":1,"featured_media":0,"parent":0,"menu_order":0,"comment_status":"closed","ping_status":"closed","template":"","meta":{"footnotes":""},"class_list":["post-4495","page","type-page","status-publish","hentry"],"_links":{"self":[{"href":"https:\/\/polloraffo.com\/en\/wp-json\/wp\/v2\/pages\/4495","targetHints":{"allow":["GET"]}}],"collection":[{"href":"https:\/\/polloraffo.com\/en\/wp-json\/wp\/v2\/pages"}],"about":[{"href":"https:\/\/polloraffo.com\/en\/wp-json\/wp\/v2\/types\/page"}],"author":[{"embeddable":true,"href":"https:\/\/polloraffo.com\/en\/wp-json\/wp\/v2\/users\/1"}],"replies":[{"embeddable":true,"href":"https:\/\/polloraffo.com\/en\/wp-json\/wp\/v2\/comments?post=4495"}],"version-history":[{"count":6,"href":"https:\/\/polloraffo.com\/en\/wp-json\/wp\/v2\/pages\/4495\/revisions"}],"predecessor-version":[{"id":4767,"href":"https:\/\/polloraffo.com\/en\/wp-json\/wp\/v2\/pages\/4495\/revisions\/4767"}],"wp:attachment":[{"href":"https:\/\/polloraffo.com\/en\/wp-json\/wp\/v2\/media?parent=4495"}],"curies":[{"name":"wp","href":"https:\/\/api.w.org\/{rel}","templated":true}]}}